{"id":88,"date":"2014-12-07T14:53:41","date_gmt":"2014-12-07T14:53:41","guid":{"rendered":"http:\/\/www.baumann-weingut.de\/wp\/?page_id=88"},"modified":"2014-12-09T12:20:36","modified_gmt":"2014-12-09T12:20:36","slug":"das-weingut","status":"publish","type":"page","link":"https:\/\/www.baumann-weingut.de\/wp\/?page_id=88","title":{"rendered":"Das Weingut"},"content":{"rendered":"<p class=\"Normal\">Das Weingut Baumann ist ein alteingesessener Familienbetrieb und liegt etwa zehn Kilometer s\u00fcdlich der Innenstadt Freiburgs. Der Winzer und ausgebildete Weinbautechniker Edwin Baumann f\u00fchrt hier auf sieben Hektar Reben die Tradition kleiner Familienbetriebe fort.<\/p>\n<p class=\"Normal\">Die Reben des Weinguts Baumann wachsen in den sonnigsten Lagen des Tunibergs im S\u00fcden Badens. Tiefgr\u00fcndige L\u00f6\u00dfb\u00f6den bieten hier optimale Voraussetzungen f\u00fcr kr\u00e4ftige Weine von\u00a0sehr hoher Qualit\u00e4t.<\/p>\n<p class=\"Normal\">Mit einem Sortenspektrum von<\/p>\n<p align=\"left\">\u00a0\u00a0\u00a0\u00a0\u00a0\u00a0\u00a0\u00a0\u00a0\u00a070 %\u00a0Burgunder (Wei\u00dfer, Grauer, Sp\u00e4tburgunder)<\/p>\n<p align=\"left\">\u00a0\u00a0\u00a0\u00a0\u00a0\u00a0\u00a0\u00a0\u00a0\u00a015 %\u00a0M\u00fcller-Thurgau<\/p>\n<p align=\"left\">\u00a0\u00a0\u00a0\u00a0\u00a0\u00a0\u00a0\u00a0\u00a0\u00a015 %\u00a0Edelsorten (Gew\u00fcrztraminer, Muskateller)<\/p>\n<p align=\"left\">verf\u00fcgt das Weingut Baumann \u00fcber ein vielf\u00e4ltiges Angebot an qualitativ hochwertigen Weinen und bietet mit 70 Prozent Burgunderrebsorten eine ideale Essensbegleitung f\u00fcr die gehobene K\u00fcche an.<\/p>\n<p align=\"left\">Das Weingut Baumann legt allerh\u00f6chsten Wert auf Qualit\u00e4t und gr\u00f6\u00dftm\u00f6gliche Umweltvertr\u00e4glichkeit im Anbau. Um ein \u00f6kologisches Gleichgewicht zwischen den Reben und der Natur herzustellen, werden die Reben umweltschonend bewirtschaftet. Durch Ertragsreduzierung und schonenden Ausbau der Weine k\u00f6nnen Sie im Weingut Baumann\u00a0Weine der Spitzenklasse verk\u00f6stigen.<\/p>\n<p align=\"left\">\u00dcberzeugen Sie sich selbst und genie\u00dfen Sie eine individuelle und ganz besondere <a href=\"https:\/\/www.baumann-weingut.de\/wp\/?page_id=90\">Weinprobe<\/a> im Familienbetrieb Baumann am Tuniberg!<\/p>\n","protected":false},"excerpt":{"rendered":"<p>Das Weingut Baumann ist ein alteingesessener Familienbetrieb und liegt etwa zehn Kilometer s\u00fcdlich der Innenstadt Freiburgs. Der Winzer und ausgebildete Weinbautechniker Edwin Baumann f\u00fchrt hier auf sieben Hektar Reben die Tradition kleiner Familienbetriebe fort. Die Reben des Weinguts Baumann wachsen in den sonnigsten Lagen des Tunibergs im S\u00fcden Badens. Tiefgr\u00fcndige L\u00f6\u00dfb\u00f6den bieten hier optimale Voraussetzungen [&hellip;]<\/p>\n","protected":false},"author":1,"featured_media":0,"parent":0,"menu_order":0,"comment_status":"closed","ping_status":"closed","template":"","meta":{"footnotes":""},"class_list":["post-88","page","type-page","status-publish","hentry"],"_links":{"self":[{"href":"https:\/\/www.baumann-weingut.de\/wp\/index.php?rest_route=\/wp\/v2\/pages\/88","targetHints":{"allow":["GET"]}}],"collection":[{"href":"https:\/\/www.baumann-weingut.de\/wp\/index.php?rest_route=\/wp\/v2\/pages"}],"about":[{"href":"https:\/\/www.baumann-weingut.de\/wp\/index.php?rest_route=\/wp\/v2\/types\/page"}],"author":[{"embeddable":true,"href":"https:\/\/www.baumann-weingut.de\/wp\/index.php?rest_route=\/wp\/v2\/users\/1"}],"replies":[{"embeddable":true,"href":"https:\/\/www.baumann-weingut.de\/wp\/index.php?rest_route=%2Fwp%2Fv2%2Fcomments&post=88"}],"version-history":[{"count":7,"href":"https:\/\/www.baumann-weingut.de\/wp\/index.php?rest_route=\/wp\/v2\/pages\/88\/revisions"}],"predecessor-version":[{"id":228,"href":"https:\/\/www.baumann-weingut.de\/wp\/index.php?rest_route=\/wp\/v2\/pages\/88\/revisions\/228"}],"wp:attachment":[{"href":"https:\/\/www.baumann-weingut.de\/wp\/index.php?rest_route=%2Fwp%2Fv2%2Fmedia&parent=88"}],"curies":[{"name":"wp","href":"https:\/\/api.w.org\/{rel}","templated":true}]}}