{"id":237,"date":"2014-12-16T13:28:20","date_gmt":"2014-12-16T13:28:20","guid":{"rendered":"http:\/\/www.baumann-weingut.de\/wp\/?page_id=237"},"modified":"2020-02-17T16:21:01","modified_gmt":"2020-02-17T16:21:01","slug":"allgemeine-geschaeftsbedinungen-agbs","status":"publish","type":"page","link":"https:\/\/www.baumann-weingut.de\/wp\/?page_id=237","title":{"rendered":"Allgemeine Gesch\u00e4ftsbedinungen (AGBs)"},"content":{"rendered":"<p><strong>Allgemeine Gesch\u00e4ftsbedingungen <\/strong><\/p>\n<p>(Die nachstehenden AGB enthalten zugleich gesetzliche Informationen zu Ihren Rechten nach den Vorschriften \u00fcber Vertr\u00e4ge im Fernabsatz und im elektronischen Gesch\u00e4ftsverkehr.<\/p>\n<ol>\n<li><strong> Allgemeines Geltungsbereich<br \/>\n2. Angebote und Leistungsbeschreibungen<br \/>\n3. Registrierung<\/strong><\/li>\n<li><strong> Bestellvorgang und Vertragsabschluss<br \/>\n5. Preise und Versandkosten<br \/>\n6. Lieferung, Warenverf\u00fcgbarkeit<br \/>\n7. Zahlungsmodalit\u00e4ten<br \/>\n8. Eigentumsvorbehalt<\/strong><\/li>\n<li><strong> Widerrufsrecht, Widerrufsbelehrung und Muster-Widerrufsformular<br \/>\n10. Gew\u00e4hrleistung<br \/>\n11. Haftung und Haftungsausschluss<br \/>\n12. Datenschutz<br \/>\n13. Anwendbares Recht, Erf\u00fcllungsort, Gerichtsstand<\/strong><\/li>\n<li><strong> Online-Streitbeilegung <\/strong><\/li>\n<\/ol>\n<p>&nbsp;<\/p>\n<p>&nbsp;<\/p>\n<ol>\n<li><strong> Allgemeines und Geltungsbereich<\/strong><\/li>\n<\/ol>\n<p>&nbsp;<\/p>\n<p>1.1 F\u00fcr die Gesch\u00e4ftsbeziehungen Weingut Edwin Baumann, Inhaber Edwin Baumann, Kaplaneigasse 7, 79112 Freiburg-Munzingen\u00a0(nachfolgend \u201eVerk\u00e4ufer\u201c) und dem Kunden (nachfolgend \u201eKunde\u201c) \u00fcber den Onlineshop den Online-Shop auf der Webseite <a href=\"http:\/\/www.baumann-weingut.de\/\">www.baumann-weingut.de<\/a> (nachfolgend \u201eOnlineshop\u201c) zum Gegenstand haben gelten ausschlie\u00dflich die nachfolgenden Allgemeinen Gesch\u00e4ftsbedingungen in ihrer zum Zeitpunkt der Bestellung g\u00fcltigen Fassung.<br \/>\n1.2 Abweichende Bedingungen des Kunden werden nicht anerkannt, es sei denn, der Verk\u00e4ufer stimmt ihrer Geltung ausdr\u00fccklich schriftlich zu.<\/p>\n<p>&nbsp;<\/p>\n<p>1.3 Der Verk\u00e4ufer ist berechtigt, mit Zustimmung des Kunden den Inhalt des bestehenden Vertrages sowie diese AGB zu \u00e4ndern, sofern die \u00c4nderung unter Ber\u00fccksichtigung der Interessen des Verk\u00e4ufers f\u00fcr den Kunden zumutbar ist. Die Zustimmung zur \u00c4nderung des Vertrages gilt als erteilt, wenn der Kunde der \u00c4nderung nicht innerhalb eines Monats nach Zugang der \u00c4nderungsmitteilung widerspricht. Der Verk\u00e4ufer verpflichtet sich, den Kunden im Zuge der \u00c4nderungsmitteilung auf die Folgen eines unterlassenen Widerspruchs hinzuweisen.<\/p>\n<p>&nbsp;<\/p>\n<p>&nbsp;<\/p>\n<ol start=\"2\">\n<li><strong> Angebote und Leistungsbeschreibungen<\/strong><\/li>\n<\/ol>\n<p>&nbsp;<\/p>\n<p>2.1 Die Darstellung der Produkte im Onlineshop stellt kein rechtlich bindendes Angebot, sondern eine Aufforderung zur Abgabe einer Bestellung dar. Leistungsbeschreibungen in Katalogen sowie auf den Websites des Verk\u00e4ufers haben nicht den Charakter einer Zusicherung oder Garantie.<br \/>\n2.2 Alle Angebote gelten \u201esolange der Vorrat reicht\u201c, wenn nicht bei den Produkten etwas anderes vermerkt ist. Im \u00dcbrigen bleiben Irrt\u00fcmer vorbehalten.<\/p>\n<p>&nbsp;<\/p>\n<ol start=\"3\">\n<li><strong> Registrierung <\/strong><\/li>\n<\/ol>\n<p><strong>\u00a0<\/strong><\/p>\n<p>3.1 Die Registrierung zum Onlineshop des Verk\u00e4ufers erfolgt kostenlos. Ein Anspruch auf Zulassung zum Onlineshop besteht nicht. Teilnahmeberechtigt sind ausschlie\u00dflich unbeschr\u00e4nkt gesch\u00e4ftsf\u00e4hige Personen.<\/p>\n<p>&nbsp;<\/p>\n<p>3.2 Zur Zulassung f\u00fcllt der Kunde elektronisch das auf der Website vorhandene Anmeldeformular aus und schickt dieses dem Verk\u00e4ufer zu. Die f\u00fcr die Anmeldung erforderlichen Daten sind vom Kunden vollst\u00e4ndig und wahrheitsgem\u00e4\u00df anzugeben. Mit der Anmeldung w\u00e4hlt der Kunde einen pers\u00f6nlichen Nutzernamen und ein Passwort. Der Nutzername darf weder gegen Rechte Dritter noch gegen sonstige Namens- und Markenrechte oder die guten Sitten versto\u00dfen. Der Kunde ist verpflichtet, das Passwort geheim zu halten und dieses Dritten keinesfalls mitzuteilen.<\/p>\n<p>&nbsp;<\/p>\n<p>3.3 Abgesehen von der Erkl\u00e4rung des Einverst\u00e4ndnisses mit der Geltung dieser Allgemeinen Gesch\u00e4ftsbedingungen ist die Registrierung des Kunden mit keinerlei Verpflichtungen verbunden. Der Kunde kann seinen Eintrag jederzeit wieder l\u00f6schen. Allein mit der Eintragung besteht keinerlei Kaufverpflichtung hinsichtlich der vom Verk\u00e4ufer angebotenen Waren.<\/p>\n<p>&nbsp;<\/p>\n<p>3.4 Soweit sich die pers\u00f6nlichen Angaben des Kunden \u00e4ndern, ist er selbst f\u00fcr deren Aktualisierung verantwortlich. Alle \u00c4nderungen k\u00f6nnen online nach Anmeldung vorgenommen werden.<\/p>\n<p>&nbsp;<\/p>\n<p>&nbsp;<\/p>\n<ol start=\"4\">\n<li><strong> Bestellvorgang und Vertragsabschluss<\/strong><\/li>\n<\/ol>\n<p>&nbsp;<\/p>\n<p>4.1 Der Kunde kann aus dem Sortiment des Verk\u00e4ufers Produkte unverbindlich ausw\u00e4hlen und diese \u00fcber die Schaltfl\u00e4che [in den Warenkorb] in einem so genannten Warenkorb sammeln.<br \/>\n4.2 Anschlie\u00dfend kann der Kunde innerhalb des Warenkorbs \u00fcber die Schaltfl\u00e4che\u00a0[Weiter zur Kasse] zum Abschluss des Bestellvorgangs schreiten.<br \/>\n4.3 \u00dcber die Schaltfl\u00e4che Kaufen gibt der Kunde ein verbindliches Angebot zum Kauf der im Warenkorb befindlichen Waren ab.\u00a0Vor Abschicken der Bestellung kann der Kunde die Daten jederzeit \u00e4ndern und einsehen. Notwendige Angaben sind mit einem Sternchen (*) gekennzeichnet.<br \/>\n4.4 Der Verk\u00e4ufer schickt daraufhin dem Kunden eine automatische Empfangsbest\u00e4tigung per E-Mail zu, in welcher die Bestellung des Kunden nochmals aufgef\u00fchrt wird und die der Kunde \u00fcber die Funktion \u201eDrucken\u201c ausdrucken kann (Bestellbest\u00e4tigung). Die automatische Empfangsbest\u00e4tigung dokumentiert lediglich, dass die Bestellung des Kunden beim Verk\u00e4ufer eingegangen ist und stellt keine Annahme des Antrags dar.<\/p>\n<p>&nbsp;<\/p>\n<p>4.5 Der Kaufvertrag kommt erst dann zustande, wenn der Verk\u00e4ufer das bestellte Produkt innerhalb von 3 Tagen an den Kunden versendet, \u00fcbergeben oder die Bestellung und den Versand an den Kunden innerhalb von 3 Tagen mit einer zweiten E-Mail, durch eine andere ausdr\u00fcckliche Auftragsbest\u00e4tigung oder Zusendung der Rechnung best\u00e4tigt hat.<br \/>\n4.6 Sollte der Verk\u00e4ufer eine Vorkasse Zahlung erm\u00f6glichen, kommt der Vertrag mit der Bereitstellung der Bankdaten und Zahlungsaufforderung zustande. Wenn die Zahlung trotz F\u00e4lligkeit auch nach erneuter Aufforderung nicht bis zu einem Zeitpunkt von 10 Kalendertagen nach Absendung der Bestellbest\u00e4tigung beim Verk\u00e4ufer eingegangen ist, tritt der Verk\u00e4ufer vom Vertrag zur\u00fcck mit der Folge, dass die Bestellung hinf\u00e4llig ist und den Verk\u00e4ufer keine Lieferpflicht trifft. Die Bestellung ist dann f\u00fcr den K\u00e4ufer und Verk\u00e4ufer ohne weitere Folgen erledigt. Eine Reservierung des Artikels bei Vorkasse Zahlungen erfolgt daher l\u00e4ngstens f\u00fcr 10 Kalendertage.<\/p>\n<p>&nbsp;<\/p>\n<p>4.7 Der Vertragstext wird vom Verk\u00e4ufer gespeichert und dem Kunden nach Vertragsschluss nebst per E-Mail zugesandt. Die Vertragssprache ist Deutsch.<\/p>\n<p>&nbsp;<\/p>\n<p>&nbsp;<\/p>\n<ol start=\"5\">\n<li><strong> Preise und Versandkosten<\/strong><\/li>\n<\/ol>\n<p>&nbsp;<\/p>\n<p>5.1. Alle Preise, die auf der Website des Verk\u00e4ufers angegeben sind, verstehen sich einschlie\u00dflich der jeweils g\u00fcltigen gesetzlichen Umsatzsteuer.<br \/>\n5.2. Zus\u00e4tzlich zu den angegebenen Preisen berechnet der Verk\u00e4ufer f\u00fcr die Lieferung Versandkosten. Die Versandkosten werden dem K\u00e4ufer auf der Versandkostenseite und im Rahmen des Bestellvorgangs deutlich mitgeteilt.<\/p>\n<p>&nbsp;<\/p>\n<p>&nbsp;<\/p>\n<ol start=\"6\">\n<li><strong> Lieferung, Warenverf\u00fcgbarkeit<\/strong><\/li>\n<\/ol>\n<p>&nbsp;<\/p>\n<p>6.1 Sofern dies in der Produktbeschreibung nicht deutlich anders angegeben, sind alle angebotenen Artikel sofort versandfertig.\u00a0Der Verk\u00e4ufer liefert die Ware gem\u00e4\u00df den getroffenen Vereinbarungen. Liefertermine und Lieferfristen sind nur verbindlich, wenn sie vom Verk\u00e4ufer \u00a0schriftlich best\u00e4tigt wurden. Soweit Voraus Zahlung vereinbart ist, erfolgt die Lieferung nach Eingang des Rechnungsbetrages.<\/p>\n<p>&nbsp;<\/p>\n<p>6.2 Sind zum Zeitpunkt der Bestellung des Kunden keine Exemplare des von ihm ausgew\u00e4hlten Produkts verf\u00fcgbar, so teilt der Verk\u00e4ufer dem Kunden dies in der Auftragsbest\u00e4tigung mit. Ist das Produkt dauerhaft nicht lieferbar, sieht der Verk\u00e4ufer von einer Annahmeerkl\u00e4rung ab. Ein Vertrag kommt in diesem Fall nicht zustande.<br \/>\n6.3 Ist das vom Kunden in der Bestellung bezeichnete Produkt nur vor\u00fcbergehend nicht verf\u00fcgbar, teilt der Verk\u00e4ufer dem Kunden dies ebenfalls unverz\u00fcglich in der Auftragsbest\u00e4tigung mit. Bei einer Lieferungsverz\u00f6gerung von mehr als zwei Wochen hat der Kunde das Recht, vom Vertrag zur\u00fcckzutreten. Im \u00dcbrigen ist in diesem Fall auch der Verk\u00e4ufer berechtigt, sich vom Vertrag zu l\u00f6sen. Hierbei wird der Verk\u00e4ufer eventuell bereits geleistete Zahlungen des Kunden unverz\u00fcglich erstatten.<\/p>\n<p>&nbsp;<\/p>\n<p>6.4 Der Verk\u00e4ufer hat das Recht, einen geeigneten Versandweg zu bestimmen. Sobald die Ware dem Kunden \u00fcbergeben wird, geht das Risiko auf diesen \u00fcber. Dies gilt auch bei Teillieferungen. Ist der Kunde Verbraucher, so geht die Gefahr des zuf\u00e4lligen Untergangs und der zuf\u00e4lligen Verschlechterung der verkauften Sache auch beim Versendungskauf erst mit der \u00dcbergabe der Sache auf den Kunden \u00fcber. Der \u00dcbergabe steht es gleich, wenn der Kunde im Verzug der Annahme ist.<br \/>\n6.5 Bei Warenlieferung au\u00dferhalb der Europ\u00e4ischen Union und der Schweiz k\u00f6nnen Einfuhrabgaben (Z\u00f6lle) anfallen; diese sind vom Kunden zu tragen.<\/p>\n<p>&nbsp;<\/p>\n<p>&nbsp;<\/p>\n<ol start=\"7\">\n<li><strong> Zahlungsmodalit\u00e4ten<\/strong><\/li>\n<\/ol>\n<p>&nbsp;<\/p>\n<p>7.1 Der Kunde kann im Rahmen und vor Abschluss des Bestellvorgangs aus den zur Verf\u00fcgung stehenden Zahlungsarten w\u00e4hlen.<br \/>\n7.2 Ist die Bezahlung per Rechnung m\u00f6glich, hat die Zahlung innerhalb von 14 Tagen nach Erhalt der Ware und der Rechnung zu erfolgen. Bei allen anderen Zahlweisen hat die Zahlung im Voraus ohne Abzug zu erfolgen.<br \/>\n7.3 Werden Drittanbieter mit der Zahlungsabwicklung beauftragt, z.B. Paypal. gelten deren Allgemeine Gesch\u00e4ftsbedingungen.<br \/>\n7.4 Ist die F\u00e4lligkeit der Zahlung nach dem Kalender bestimmt, so kommt der Kunde bereits durch Vers\u00e4umung des Termins in Verzug. In diesem Fall hat der Kunde Verzugszinsen in H\u00f6he von 5 Prozentpunkten \u00fcber dem Basiszinssatz zu zahlen.<br \/>\n7.5 Die Verpflichtung des Kunden zur Zahlung von Verzugszinsen schlie\u00dft die Geltendmachung weiterer Verzugssch\u00e4den durch den Verk\u00e4ufer nicht aus.<\/p>\n<p>&nbsp;<\/p>\n<ol start=\"8\">\n<li><strong> Eigentumsvorbehalt<\/strong><\/li>\n<\/ol>\n<p>&nbsp;<\/p>\n<p>8.1. Die Ware bleibt bis zur vollst\u00e4ndigen Zahlung des Kaufpreises Eigentum des Verk\u00e4ufers.<\/p>\n<p>&nbsp;<\/p>\n<p>8.2 Der Kunde ist nicht berechtigt, die Ware bis zur vollst\u00e4ndigen Bezahlung des Kaufpreises Dritten zu ver\u00e4u\u00dfern oder sonstige, das Eigentum des Verk\u00e4ufers gef\u00e4hrdende Ma\u00dfnahmen zu ergreifen. Der Kunde tritt bereits jetzt seine k\u00fcnftigen Anspr\u00fcche gegen\u00fcber dem Erwerber in H\u00f6he des zwischen dem Verk\u00e4ufer und dem Kunden vereinbarten Kaufpreises samt Zinsen und Nebenforderungen an den Verk\u00e4ufer ab.<\/p>\n<p>&nbsp;<\/p>\n<p>&nbsp;<\/p>\n<ol start=\"9\">\n<li><strong> Widerrufsrecht und Widerrufsbelehrung <\/strong><\/li>\n<\/ol>\n<p>&nbsp;<\/p>\n<p>Verbrauchern steht ein Widerrufsrecht nach folgender Ma\u00dfgabe zu, wobei Verbraucher jede nat\u00fcrliche Person ist, die ein Rechtsgesch\u00e4ft zu Zwecken abschlie\u00dft, die \u00fcberwiegend weder ihrer gewerblichen noch ihrer selbst\u00e4ndigen beruflichen T\u00e4tigkeit zugerechnet werden k\u00f6nnen.<\/p>\n<p>Ein Verbraucher kann den Vertrag mit\u00a0dem Verk\u00e4ufer\u00a0nach den nachfolgenden Regelungen dieses Abschnitts widerrufen:<\/p>\n<p>&nbsp;<\/p>\n<p>&nbsp;<\/p>\n<p><strong>Widerrufsbelehrung<\/strong><\/p>\n<p>&nbsp;<\/p>\n<p>&nbsp;<\/p>\n<p><strong>Widerrufsrecht<\/p>\n<p><\/strong><\/p>\n<p>Sie haben das Recht, binnen vierzehn Tagen ohne Angabe von Gr\u00fcnden diesen Vertrag zu widerrufen.<\/p>\n<p>Die Widerrufsfrist betr\u00e4gt vierzehn Tage ab dem Tag,\u00a0 an dem Sie oder ein von Ihnen benannter Dritter, der nicht der Bef\u00f6rderer ist, die letzte Ware in Besitz genommen haben bzw. hat.<\/p>\n<p>&nbsp;<\/p>\n<p>Um Ihr Widerrufsrecht auszu\u00fcben, m\u00fcssen Sie uns<\/p>\n<p>&nbsp;<\/p>\n<p>Weingut Edwin Baumann<\/p>\n<p>Inhaber Edwin Baumann<\/p>\n<p>Kaplaneigasse 7<br \/>\n79112 Freiburg-Munzingen<br \/>\nTelefon: 07664 \u2013 24 48<br \/>\nTelefax: 07664 \u2013 40 48 61<br \/>\nE-Mail: <a href=\"mailto:baumann.weingut@t-online.de\">baumann.weingut@t-online.de<\/a><\/p>\n<p>&nbsp;<\/p>\n<p>mittels einer eindeutigen Erkl\u00e4rung (z.B. ein mit der Post versandter Brief, Telefax oder E-Mail) \u00fcber Ihren Entschluss, diesen Vertrag zu widerrufen, informieren. Sie k\u00f6nnen daf\u00fcr das beigef\u00fcgte Muster-Widerrufsformular verwenden, das jedoch nicht vorgeschrieben ist.<\/p>\n<p>&nbsp;<\/p>\n<p>Zur Wahrung der Widerrufsfrist reicht es aus, dass Sie die Mitteilung \u00fcber die Aus\u00fcbung des Widerrufsrechts vor Ablauf der Widerrufsfrist absenden.<\/p>\n<p>&nbsp;<\/p>\n<p>&nbsp;<\/p>\n<p><strong>Folgen des Widerrufs<\/p>\n<p><\/strong><\/p>\n<p>Wenn Sie diesen Vertrag widerrufen, haben wir Ihnen alle Zahlungen, die wir von Ihnen erhalten haben, einschlie\u00dflich der Lieferkosten (mit Ausnahme der zus\u00e4tzlichen Kosten, die sich daraus ergeben, dass Sie eine andere Art der Lieferung als die von uns angebotene, g\u00fcnstigste Standardlieferung gew\u00e4hlt haben), unverz\u00fcglich und sp\u00e4testens binnen vierzehn Tagen ab dem Tag zur\u00fcckzuzahlen, an dem die Mitteilung \u00fcber Ihren Widerruf dieses Vertrags bei uns eingegangen ist. F\u00fcr diese R\u00fcckzahlung verwenden wir dasselbe Zahlungsmittel, das Sie bei der urspr\u00fcnglichen Transaktion eingesetzt haben, es sei denn, mit Ihnen wurde ausdr\u00fccklich etwas anderes vereinbart; in keinem Fall werden Ihnen wegen dieser R\u00fcckzahlung Entgelte berechnet.<\/p>\n<p>Wir k\u00f6nnen die R\u00fcckzahlung verweigern, bis wir die Waren wieder zur\u00fcckerhalten haben oder bis Sie den Nachweis erbracht haben, dass Sie die Waren zur\u00fcckgesandt haben, je nachdem, welches der fr\u00fchere Zeitpunkt ist.<\/p>\n<p>Sie haben die Waren unverz\u00fcglich und in jedem Fall sp\u00e4testens binnen vierzehn Tagen ab dem Tag, an dem Sie uns \u00fcber den Widerruf dieses Vertrages unterrichten, an uns zur\u00fcckzusenden oder zu \u00fcbergeben. Die Frist ist gewahrt, wenn Sie die Waren vor Ablauf der Frist von vierzehn Tagen absenden.<\/p>\n<p>Sie tragen die unmittelbaren Kosten der R\u00fccksendung der Waren.<\/p>\n<p>&nbsp;<\/p>\n<p>Sie m\u00fcssen f\u00fcr einen etwaigen Wertverlust der Waren aufkommen, wenn dieser Wertverlust auf einen zur Pr\u00fcfung der Beschaffenheit, Eigenschaften und Funktionsweise der waren nicht notwendigen Umgang mit ihnen zur\u00fcckzuf\u00fchren ist.<\/p>\n<p>&nbsp;<\/p>\n<p>&nbsp;<\/p>\n<p><strong>Besondere Hinweise<\/strong><\/p>\n<p>&nbsp;<\/p>\n<p>Das Widerrufsrecht besteht nicht bei Fernabsatzvertr\u00e4gen<\/p>\n<p>&nbsp;<\/p>\n<p>&#8211; zur Lieferung von Waren, die nicht vorgefertigt sind und f\u00fcr deren Herstellung eine individuelle Auswahl oder Bestimmung durch den Verbraucher ma\u00dfgeblich ist oder die eindeutig auf die pers\u00f6nlichen Bed\u00fcrfnisse des Verbrauchers zugeschnitten sind;<\/p>\n<p>&#8211; zur Lieferung von Waren, die schnell verderben k\u00f6nnen oder deren Verfallsdatum schnell \u00fcberschritten w\u00fcrde;<\/p>\n<p>&#8211; zur Lieferung versiegelter Waren, die aus Gr\u00fcnden des Gesundheitsschutzes oder der Hygiene nicht zur R\u00fcckgabe geeignet sind, wenn ihre Versiegelung nach der Lieferung entfernt wurde;<\/p>\n<p>&#8211; zur Lieferung von Waren, wenn diese nach der Lieferung auf Grund ihrer Beschaffenheit untrennbar mit anderen G\u00fctern vermischt werden.<\/p>\n<p>&nbsp;<\/p>\n<p>&nbsp;<\/p>\n<p>***************************************************************************<\/p>\n<p><strong>\u00a0<\/strong><\/p>\n<p><strong>Widerrufsformular<\/strong><\/p>\n<p>&nbsp;<\/p>\n<p>(Wenn Sie den Vertrag widerrufen wollen, dann f\u00fcllen Sie bitte dieses Formular aus und senden Sie es zur\u00fcck.)<\/p>\n<p>&nbsp;<\/p>\n<p>An :<br \/>\nWeingut Edwin Baumann<\/p>\n<p>Inhaber Edwin Baumann<\/p>\n<p>Kaplaneigasse 7<br \/>\n79112 Freiburg-Munzingen<br \/>\nTelefax: 07664 \u2013 40 48 61<br \/>\nE-Mail: <a href=\"mailto:baumann.weingut@t-online.de\">baumann.weingut@t-online.de<\/a><br \/>\nHiermit widerrufe(n) ich\/wir (*) den von mir\/uns (*) abgeschlossenen Vertrag \u00fcber den Kauf der folgenden Waren (*)\/die Erbringung der folgenden Dienstleistung (*)<\/p>\n<p>_____________________________________________________<\/p>\n<p>Bestellt am (*)\/erhalten am (*)<\/p>\n<p>__________________<\/p>\n<p>Name des\/der Verbraucher(s)<\/p>\n<p>_____________________________________________________<\/p>\n<p>Anschrift des\/der Verbraucher(s)<\/p>\n<p>_____________________________________________________<\/p>\n<p>Unterschrift des\/der Verbraucher(s) (nur bei Mitteilung auf Papier)<\/p>\n<p>__________________<\/p>\n<p>Datum<\/p>\n<p>__________________<\/p>\n<p>(*) Unzutreffendes streichen.<\/p>\n<p>&nbsp;<\/p>\n<p>&nbsp;<\/p>\n<p>***************************************************************************<\/p>\n<p><strong>\u00a0<\/strong><\/p>\n<p><strong>\u00a0<\/strong><\/p>\n<ol start=\"10\">\n<li><strong> Gew\u00e4hrleistung <\/strong><\/li>\n<\/ol>\n<p><strong>\u00a0<\/strong><\/p>\n<p>10.1 Die Gew\u00e4hrleistung bestimmt sich nach gesetzlichen Vorschriften.<br \/>\n10.2 Die Verj\u00e4hrungsfrist von Gew\u00e4hrleistungsanspr\u00fcchen f\u00fcr die gelieferte Ware betr\u00e4gt zwei Jahre ab Erhalt der Ware. Ist der Kunde Unternehmer im Sinne des \u00a714 BGB, so betr\u00e4gt die Gew\u00e4hrleistungsfrist ein Jahr.<br \/>\n&nbsp;<\/p>\n<ol start=\"11\">\n<li><strong> Haftung und Haftungsausschluss<\/strong><\/li>\n<\/ol>\n<p><strong>\u00a0<\/strong><\/p>\n<p>11.1 Der Verk\u00e4ufer haftet unbeschr\u00e4nkt, soweit die Schadensursache auf Vorsatz oder grober Fahrl\u00e4ssigkeit beruht.<br \/>\n11.2 Ferner haftet der Verk\u00e4ufer f\u00fcr die leicht fahrl\u00e4ssige Verletzung von wesentlichen Pflichten, deren Verletzung die Erreichung des Vertragszwecks gef\u00e4hrdet, oder f\u00fcr die Verletzung von Pflichten, deren Erf\u00fcllung die ordnungsgem\u00e4\u00dfe Durchf\u00fchrung des Vertrages \u00fcberhaupt erst erm\u00f6glicht und auf deren Einhaltung der Kunde regelm\u00e4\u00dfig vertraut. In diesem Fall haftet der Verk\u00e4ufer jedoch nur f\u00fcr den vorhersehbaren, vertragstypischen Schaden. Der Verk\u00e4ufer haftet nicht f\u00fcr die leicht fahrl\u00e4ssige Verletzung anderer als der in den vorstehenden S\u00e4tzen genannten Pflichten.<br \/>\n11.3 Die vorstehenden Haftungsbeschr\u00e4nkungen gelten nicht bei Verletzung von Leben, K\u00f6rper und Gesundheit, f\u00fcr einen Mangel nach \u00dcbernahme einer Garantie f\u00fcr die Beschaffenheit des Produktes und bei arglistig verschwiegenen M\u00e4ngeln. Die Haftung nach dem Produkthaftungsgesetz bleibt unber\u00fchrt.<br \/>\n11.4 Soweit die Haftung des Verk\u00e4ufers ausgeschlossen oder beschr\u00e4nkt ist, gilt dies auch f\u00fcr die pers\u00f6nliche Haftung von Arbeitnehmern, Vertretern und Erf\u00fcllungsgehilfen.<\/p>\n<p>&nbsp;<\/p>\n<p>&nbsp;<\/p>\n<ol start=\"12\">\n<li><strong> Anwendbares Recht, Erf\u00fcllungsort, Gerichtsstand<br \/>\n<\/strong><br \/>\n12.1 Es gilt das Recht der Bundesrepublik Deutschland unter Ausschluss des UN-Kaufrechts. Gegen\u00fcber einem Verbraucher gilt diese Rechtswahl nur insoweit, als dadurch keine zwingenden gesetzlichen Bestimmungen des Staates, in dem er seinen Wohnsitz oder gew\u00f6hnlichen Aufenthalt hat, eingeschr\u00e4nkt werden.<\/li>\n<\/ol>\n<p>12.2 Gerichtstand und Erf\u00fcllungsort ist der Sitz des Verk\u00e4ufers, Freiburg, wenn der Kunde Kaufmann, juristische Person des \u00f6ffentlichen Rechts oder \u00f6ffentlich-rechtliches Sonderverm\u00f6gen ist.<br \/>\n&nbsp;<\/p>\n<ol start=\"13\">\n<li><strong> Online-Streitbeilegung <\/strong><\/li>\n<\/ol>\n<p>&nbsp;<\/p>\n<p>13.1 Die Europ\u00e4ische Kommission stellt eine Plattform zur Online-Streitbeilegung (OS) bereit, die unter \u00a0<a href=\"http:\/\/ec.europa.eu\/consumers\/odr\/\">http:\/\/ec.europa.eu\/consumers\/odr\/<\/a> zu finden ist. Verbraucher haben die M\u00f6glichkeit, diese Plattform f\u00fcr die Beilegung ihrer Streitigkeiten zu nutzen.<\/p>\n<p>&nbsp;<\/p>\n<p>13.2 Zur Teilnahme an einem Streitbeilegungsverfahren vor einer Verbraucherschlichtungsstelle ist der Verk\u00e4ufer nicht verpflichtet und nicht bereit.<\/p>\n<p>&nbsp;<\/p>\n<p>Stand: 29.01.2020<\/p>\n<p>&nbsp;<\/p>\n","protected":false},"excerpt":{"rendered":"<p>Allgemeine Gesch\u00e4ftsbedingungen (Die nachstehenden AGB enthalten zugleich gesetzliche Informationen zu Ihren Rechten nach den Vorschriften \u00fcber Vertr\u00e4ge im Fernabsatz und im elektronischen Gesch\u00e4ftsverkehr. Allgemeines Geltungsbereich 2. Angebote und Leistungsbeschreibungen 3. Registrierung Bestellvorgang und Vertragsabschluss 5. Preise und Versandkosten 6. Lieferung, Warenverf\u00fcgbarkeit 7. Zahlungsmodalit\u00e4ten 8. Eigentumsvorbehalt Widerrufsrecht, Widerrufsbelehrung und Muster-Widerrufsformular 10. Gew\u00e4hrleistung 11. Haftung und Haftungsausschluss [&hellip;]<\/p>\n","protected":false},"author":1,"featured_media":0,"parent":0,"menu_order":0,"comment_status":"closed","ping_status":"closed","template":"","meta":{"footnotes":""},"class_list":["post-237","page","type-page","status-publish","hentry"],"_links":{"self":[{"href":"https:\/\/www.baumann-weingut.de\/wp\/index.php?rest_route=\/wp\/v2\/pages\/237","targetHints":{"allow":["GET"]}}],"collection":[{"href":"https:\/\/www.baumann-weingut.de\/wp\/index.php?rest_route=\/wp\/v2\/pages"}],"about":[{"href":"https:\/\/www.baumann-weingut.de\/wp\/index.php?rest_route=\/wp\/v2\/types\/page"}],"author":[{"embeddable":true,"href":"https:\/\/www.baumann-weingut.de\/wp\/index.php?rest_route=\/wp\/v2\/users\/1"}],"replies":[{"embeddable":true,"href":"https:\/\/www.baumann-weingut.de\/wp\/index.php?rest_route=%2Fwp%2Fv2%2Fcomments&post=237"}],"version-history":[{"count":7,"href":"https:\/\/www.baumann-weingut.de\/wp\/index.php?rest_route=\/wp\/v2\/pages\/237\/revisions"}],"predecessor-version":[{"id":326,"href":"https:\/\/www.baumann-weingut.de\/wp\/index.php?rest_route=\/wp\/v2\/pages\/237\/revisions\/326"}],"wp:attachment":[{"href":"https:\/\/www.baumann-weingut.de\/wp\/index.php?rest_route=%2Fwp%2Fv2%2Fmedia&parent=237"}],"curies":[{"name":"wp","href":"https:\/\/api.w.org\/{rel}","templated":true}]}}