{"id":235,"date":"2014-12-16T13:28:06","date_gmt":"2014-12-16T13:28:06","guid":{"rendered":"http:\/\/www.baumann-weingut.de\/wp\/?page_id=235"},"modified":"2021-08-25T08:25:18","modified_gmt":"2021-08-25T08:25:18","slug":"versandkosten","status":"publish","type":"page","link":"https:\/\/www.baumann-weingut.de\/wp\/?page_id=235","title":{"rendered":"Versandkosten"},"content":{"rendered":"<p>Der Versand erfolgt per DPD in PTZ-Kartons zu 6,12, 18 oder 24 Flaschen.<br \/>\nGr\u00f6\u00dfere St\u00fcckzahlen auf Anfrage.<\/p>\n<table id=\"Tabelle11\" border=\"1\" width=\"64%\" cellspacing=\"3\" cellpadding=\"1\">\n<tbody>\n<tr>\n<td width=\"119\">6 Flaschen<\/td>\n<td width=\"225\">8,40 \u20ac<\/td>\n<\/tr>\n<tr>\n<td>12 Flaschen<\/td>\n<td>9,60 \u20ac<\/td>\n<\/tr>\n<tr>\n<td>18 Flaschen<\/td>\n<td>9,-\u00a0\u20ac<\/td>\n<\/tr>\n<tr>\n<td>24 Flaschen<\/td>\n<td>12,- \u20ac<\/td>\n<\/tr>\n<\/tbody>\n<\/table>\n<p>&nbsp;<\/p>\n","protected":false},"excerpt":{"rendered":"<p>Der Versand erfolgt per DPD in PTZ-Kartons zu 6,12, 18 oder 24 Flaschen. Gr\u00f6\u00dfere St\u00fcckzahlen auf Anfrage. 6 Flaschen 8,40 \u20ac 12 Flaschen 9,60 \u20ac 18 Flaschen 9,-\u00a0\u20ac 24 Flaschen 12,- \u20ac &nbsp;<\/p>\n","protected":false},"author":1,"featured_media":0,"parent":0,"menu_order":0,"comment_status":"closed","ping_status":"closed","template":"","meta":{"footnotes":""},"class_list":["post-235","page","type-page","status-publish","hentry"],"_links":{"self":[{"href":"https:\/\/www.baumann-weingut.de\/wp\/index.php?rest_route=\/wp\/v2\/pages\/235","targetHints":{"allow":["GET"]}}],"collection":[{"href":"https:\/\/www.baumann-weingut.de\/wp\/index.php?rest_route=\/wp\/v2\/pages"}],"about":[{"href":"https:\/\/www.baumann-weingut.de\/wp\/index.php?rest_route=\/wp\/v2\/types\/page"}],"author":[{"embeddable":true,"href":"https:\/\/www.baumann-weingut.de\/wp\/index.php?rest_route=\/wp\/v2\/users\/1"}],"replies":[{"embeddable":true,"href":"https:\/\/www.baumann-weingut.de\/wp\/index.php?rest_route=%2Fwp%2Fv2%2Fcomments&post=235"}],"version-history":[{"count":14,"href":"https:\/\/www.baumann-weingut.de\/wp\/index.php?rest_route=\/wp\/v2\/pages\/235\/revisions"}],"predecessor-version":[{"id":357,"href":"https:\/\/www.baumann-weingut.de\/wp\/index.php?rest_route=\/wp\/v2\/pages\/235\/revisions\/357"}],"wp:attachment":[{"href":"https:\/\/www.baumann-weingut.de\/wp\/index.php?rest_route=%2Fwp%2Fv2%2Fmedia&parent=235"}],"curies":[{"name":"wp","href":"https:\/\/api.w.org\/{rel}","templated":true}]}}